{"id":163,"date":"2020-11-27T13:25:30","date_gmt":"2020-11-27T13:25:30","guid":{"rendered":"https:\/\/reikniver.is\/?page_id=163"},"modified":"2020-11-27T20:32:02","modified_gmt":"2020-11-27T20:32:02","slug":"thjonusta-2","status":"publish","type":"page","link":"https:\/\/reikniver.is\/index.php\/thjonusta-2\/","title":{"rendered":"\u00dej\u00f3nusta"},"content":{"rendered":"\n<p>H\u00e9r fyrir ne\u00f0an m\u00e1 sj\u00e1 \u00fe\u00e1 \u00fej\u00f3nustu sem vi\u00f0 bj\u00f3\u00f0um upp\u00e1<\/p>\n\n\n\n<div class=\"wp-block-columns is-layout-flex wp-container-core-columns-layout-1 wp-block-columns-is-layout-flex\">\n<div class=\"wp-block-column is-layout-flow wp-block-column-is-layout-flow\">\n<ul><li><span style=\"color:#aaaaaa\" class=\"has-inline-color\"><strong>B\u00f3khalds\u00fej\u00f3nusta<\/strong><\/span><br>Vi\u00f0 f\u00e6rum b\u00f3khald fyrir fyrirt\u00e6ki og einyrkja. \u00dej\u00f3nustan felur \u00ed s\u00e9r afstemmingar og undirb\u00faning gagna undir reikningsskil<\/li><\/ul>\n<\/div>\n\n\n\n<div class=\"wp-block-column is-layout-flow wp-block-column-is-layout-flow\">\n<ul><li><strong><span style=\"color:#aaaaaa\" class=\"has-inline-color\">Launavinnsla<\/span><\/strong><br>Vi\u00f0 sinnum launa\u00fatreikningi fyrir fyrirt\u00e6ki og einyrkja. \u00dej\u00f3nustan felur einnig \u00ed s\u00e9r skil \u00e1 skilagreinum tengdum skattgrei\u00f0slum og launatengdum gj\u00f6ldum<\/li><\/ul>\n<\/div>\n\n\n\n<div class=\"wp-block-column is-layout-flow wp-block-column-is-layout-flow\">\n<ul><li><strong><span style=\"color:#aaaaaa\" class=\"has-inline-color\">Reikningsskil<\/span><\/strong><br>Vi\u00f0 stillum upp \u00e1rsuppgj\u00f6rum fyrir fyrirt\u00e6ki og einyrkja. <br>Undirb\u00faum g\u00f6gn fyrir endursko\u00f0un s\u00e9 \u00feess \u00fe\u00f6rf. \u00dej\u00f3nustan felur einnig \u00ed s\u00e9r ger\u00f0 rekstraryfirlita eftir \u00f3skum og \u00fe\u00f6rfum vi\u00f0skiptavina okkar<\/li><\/ul>\n<\/div>\n<\/div>\n\n\n\n<div class=\"wp-block-columns is-layout-flex wp-container-core-columns-layout-2 wp-block-columns-is-layout-flex\">\n<div class=\"wp-block-column is-layout-flow wp-block-column-is-layout-flow\">\n<ul><li><strong><span style=\"color:#aaaaaa\" class=\"has-inline-color\">Skattskil<\/span><\/strong><br>Vi\u00f0 sinnum skattskilum fyrir fyrirt\u00e6ki,  einyrkja og einstaklinga. \u00dej\u00f3nustan felur einnig \u00ed s\u00e9r skil \u00e1 hlutafj\u00e1rmi\u00f0um, launami\u00f0um og verktakami\u00f0um<\/li><\/ul>\n<\/div>\n\n\n\n<div class=\"wp-block-column is-layout-flow wp-block-column-is-layout-flow\">\n<ul><li><strong><span style=\"color:#aaaaaa\" class=\"has-inline-color\">\u00d6nnur \u00fej\u00f3nusta<\/span><\/strong><br>Vi\u00f0 a\u00f0sto\u00f0um einstaklinga sem hafa hug \u00e1 a\u00f0 stofna fyrirt\u00e6ki og veitum r\u00e1\u00f0gj\u00f6f var\u00f0andi \u00fea\u00f0 rekstrarform sem hentar vi\u00f0komandi<\/li><\/ul>\n\n\n\n<p><\/p>\n<\/div>\n<\/div>\n\n\n\n<p><\/p>\n","protected":false},"excerpt":{"rendered":"<p>H\u00e9r fyrir ne\u00f0an m\u00e1 sj\u00e1 \u00fe\u00e1 \u00fej\u00f3nustu sem vi\u00f0 bj\u00f3\u00f0um upp\u00e1 B\u00f3khalds\u00fej\u00f3nustaVi\u00f0 f\u00e6rum b\u00f3khald fyrir fyrirt\u00e6ki og einyrkja. \u00dej\u00f3nustan felur \u00ed s\u00e9r afstemmingar og undirb\u00faning gagna undir reikningsskil LaunavinnslaVi\u00f0 sinnum launa\u00fatreikningi fyrir fyrirt\u00e6ki og einyrkja. \u00dej\u00f3nustan felur einnig \u00ed s\u00e9r skil \u00e1 skilagreinum tengdum skattgrei\u00f0slum og launatengdum gj\u00f6ldum ReikningsskilVi\u00f0 stillum upp \u00e1rsuppgj\u00f6rum fyrir fyrirt\u00e6ki og &hellip; <\/p>\n<p class=\"link-more\"><a href=\"https:\/\/reikniver.is\/index.php\/thjonusta-2\/\" class=\"more-link\">Continue reading<span class=\"screen-reader-text\"> &#8220;\u00dej\u00f3nusta&#8221;<\/span><\/a><\/p>\n","protected":false},"author":1,"featured_media":0,"parent":0,"menu_order":0,"comment_status":"closed","ping_status":"closed","template":"","meta":{"footnotes":""},"jetpack_sharing_enabled":true,"_links":{"self":[{"href":"https:\/\/reikniver.is\/index.php\/wp-json\/wp\/v2\/pages\/163"}],"collection":[{"href":"https:\/\/reikniver.is\/index.php\/wp-json\/wp\/v2\/pages"}],"about":[{"href":"https:\/\/reikniver.is\/index.php\/wp-json\/wp\/v2\/types\/page"}],"author":[{"embeddable":true,"href":"https:\/\/reikniver.is\/index.php\/wp-json\/wp\/v2\/users\/1"}],"replies":[{"embeddable":true,"href":"https:\/\/reikniver.is\/index.php\/wp-json\/wp\/v2\/comments?post=163"}],"version-history":[{"count":5,"href":"https:\/\/reikniver.is\/index.php\/wp-json\/wp\/v2\/pages\/163\/revisions"}],"predecessor-version":[{"id":211,"href":"https:\/\/reikniver.is\/index.php\/wp-json\/wp\/v2\/pages\/163\/revisions\/211"}],"wp:attachment":[{"href":"https:\/\/reikniver.is\/index.php\/wp-json\/wp\/v2\/media?parent=163"}],"curies":[{"name":"wp","href":"https:\/\/api.w.org\/{rel}","templated":true}]}}